{"id":677,"date":"2020-10-02T11:02:05","date_gmt":"2020-10-02T09:02:05","guid":{"rendered":"https:\/\/transbud.biz\/?page_id=677"},"modified":"2020-10-02T12:40:40","modified_gmt":"2020-10-02T10:40:40","slug":"polityka-prywatnosci","status":"publish","type":"page","link":"https:\/\/transbud.biz\/ru\/polityka-prywatnosci\/","title":{"rendered":"\u041f\u043e\u043b\u0438\u0442\u0438\u043a\u0430 \u043a\u043e\u043d\u0444\u0438\u0434\u0435\u043d\u0446\u0438\u0430\u043b\u044c\u043d\u043e\u0441\u0442\u0438"},"content":{"rendered":"<div data-elementor-type=\"wp-page\" data-elementor-id=\"677\" class=\"elementor elementor-677\" data-elementor-post-type=\"page\">\n\t\t\t\t\t\t<section class=\"elementor-section elementor-top-section elementor-element elementor-element-75c91d2 elementor-section-boxed elementor-section-height-default elementor-section-height-default\" data-id=\"75c91d2\" data-element_type=\"section\" data-e-type=\"section\">\n\t\t\t\t\t\t<div class=\"elementor-container elementor-column-gap-default\">\n\t\t\t\t\t<div class=\"elementor-column elementor-col-100 elementor-top-column elementor-element elementor-element-0d62738\" data-id=\"0d62738\" data-element_type=\"column\" data-e-type=\"column\">\n\t\t\t<div class=\"elementor-widget-wrap elementor-element-populated\">\n\t\t\t\t\t\t<div class=\"elementor-element elementor-element-236e877 elementor-widget elementor-widget-heading\" data-id=\"236e877\" data-element_type=\"widget\" data-e-type=\"widget\" data-widget_type=\"heading.default\">\n\t\t\t\t<div class=\"elementor-widget-container\">\n\t\t\t\t\t<h1 class=\"elementor-heading-title elementor-size-default\">\u041f\u043e\u043b\u0438\u0442\u0438\u043a\u0430 \u043a\u043e\u043d\u0444\u0438\u0434\u0435\u043d\u0446\u0438\u0430\u043b\u044c\u043d\u043e\u0441\u0442\u0438<\/h1>\t\t\t\t<\/div>\n\t\t\t\t<\/div>\n\t\t\t\t<div class=\"elementor-element elementor-element-56e9c45 elementor-widget elementor-widget-text-editor\" data-id=\"56e9c45\" data-element_type=\"widget\" data-e-type=\"widget\" data-widget_type=\"text-editor.default\">\n\t\t\t\t<div class=\"elementor-widget-container\">\n\t\t\t\t\t\t\t\t\t<p>\u0421\u043e\u0433\u043b\u0430\u0441\u043d\u043e RODO, \u043e\u0440\u0433\u0430\u043d\u0438\u0437\u0430\u0446\u0438\u044f, \u043a\u043e\u0442\u043e\u0440\u0430\u044f \u043f\u0440\u0438\u043d\u0438\u043c\u0430\u0435\u0442 \u0440\u0435\u0448\u0435\u043d\u0438\u0435 \u043e \u0442\u043e\u043c, \u043a\u0430\u043a \u0438 \u0441 \u043a\u0430\u043a\u043e\u0439 \u0446\u0435\u043b\u044c\u044e \u043e\u0431\u0440\u0430\u0431\u0430\u0442\u044b\u0432\u0430\u044e\u0442\u0441\u044f \u043f\u0435\u0440\u0441\u043e\u043d\u0430\u043b\u044c\u043d\u044b\u0435 \u0434\u0430\u043d\u043d\u044b\u0435, \u0442\u043e \u0435\u0441\u0442\u044c \u0442\u0430\u043a \u043d\u0430\u0437\u044b\u0432\u0430\u0435\u043c\u044b\u0439 \u043a\u043e\u043d\u0442\u0440\u043e\u043b\u0435\u0440, \u0434\u043e\u043b\u0436\u043d\u0430 \u043f\u0440\u0435\u0434\u043e\u0441\u0442\u0430\u0432\u0438\u0442\u044c \u0432\u0430\u043c \u0438\u043d\u0444\u043e\u0440\u043c\u0430\u0446\u0438\u044e, \u043d\u0435\u043e\u0431\u0445\u043e\u0434\u0438\u043c\u0443\u044e \u0434\u043b\u044f \u043e\u0431\u0435\u0441\u043f\u0435\u0447\u0435\u043d\u0438\u044f \u0441\u043f\u0440\u0430\u0432\u0435\u0434\u043b\u0438\u0432\u043e\u0441\u0442\u0438 \u0438 \u043f\u0440\u043e\u0437\u0440\u0430\u0447\u043d\u043e\u0441\u0442\u0438 \u043e\u0431\u0440\u0430\u0431\u043e\u0442\u043a\u0438 \u043f\u0435\u0440\u0441\u043e\u043d\u0430\u043b\u044c\u043d\u044b\u0445 \u0434\u0430\u043d\u043d\u044b\u0445.<\/p>\n<p>\u0418\u043d\u0444\u043e\u0440\u043c\u0430\u0446\u0438\u043e\u043d\u043d\u043e\u0435 \u043f\u043e\u043b\u043e\u0436\u0435\u043d\u0438\u0435 \u043e\u0431 \u043e\u0431\u0440\u0430\u0431\u043e\u0442\u043a\u0435 \u0434\u0430\u043d\u043d\u044b\u0445<\/p>\n<p>\u0412 \u0441\u043e\u043e\u0442\u0432\u0435\u0442\u0441\u0442\u0432\u0438\u0438 \u0441\u043e \u0441\u0442\u0430\u0442\u044c\u0435\u0439 13(1) \u0438 (2) \u0420\u0435\u0433\u043b\u0430\u043c\u0435\u043d\u0442\u0430 (\u0415\u0421) 2016\/679 \u0415\u0432\u0440\u043e\u043f\u0435\u0439\u0441\u043a\u043e\u0433\u043e \u043f\u0430\u0440\u043b\u0430\u043c\u0435\u043d\u0442\u0430 \u0438 \u0421\u043e\u0432\u0435\u0442\u0430 \u043e\u0442 27 \u0430\u043f\u0440\u0435\u043b\u044f 2016 \u0433\u043e\u0434\u0430 \u043e \u0437\u0430\u0449\u0438\u0442\u0435 \u0444\u0438\u0437\u0438\u0447\u0435\u0441\u043a\u0438\u0445 \u043b\u0438\u0446 \u0432 \u043e\u0442\u043d\u043e\u0448\u0435\u043d\u0438\u0438 \u043e\u0431\u0440\u0430\u0431\u043e\u0442\u043a\u0438 \u043f\u0435\u0440\u0441\u043e\u043d\u0430\u043b\u044c\u043d\u044b\u0445 \u0434\u0430\u043d\u043d\u044b\u0445 \u0438 \u043e \u0441\u0432\u043e\u0431\u043e\u0434\u043d\u043e\u043c \u043f\u0435\u0440\u0435\u043c\u0435\u0449\u0435\u043d\u0438\u0438 \u0442\u0430\u043a\u0438\u0445 \u0434\u0430\u043d\u043d\u044b\u0445 \u0438 \u043e\u0442\u043c\u0435\u043d\u0435 \u0414\u0438\u0440\u0435\u043a\u0442\u0438\u0432\u044b 95\/46\/EC (\u0434\u0430\u043b\u0435\u0435: RODO), \u0441\u043e\u043e\u0431\u0449\u0430\u044e \u0432\u0430\u043c, \u0447\u0442\u043e:<\/p>\n<p>1) \u0410\u0434\u043c\u0438\u043d\u0438\u0441\u0442\u0440\u0430\u0442\u043e\u0440\u043e\u043c \u0432\u0430\u0448\u0438\u0445 \u043f\u0435\u0440\u0441\u043e\u043d\u0430\u043b\u044c\u043d\u044b\u0445 \u0434\u0430\u043d\u043d\u044b\u0445 \u044f\u0432\u043b\u044f\u0435\u0442\u0441\u044f: \u0422\u0440\u0430\u043d\u0441\u0431\u0443\u0434 \u041d\u043e\u0432\u0430\u043a\n      Sp\u00f3\u0142ka Jawna ul Gda\u0144ska 60 84-240 Reda.<\/p>\n<p>2) \u0421\u0432\u044f\u0437\u0430\u0442\u044c\u0441\u044f \u0441 \u0430\u0434\u043c\u0438\u043d\u0438\u0441\u0442\u0440\u0430\u0442\u043e\u0440\u043e\u043c \u043f\u043e \u0437\u0430\u0449\u0438\u0442\u0435 \u0434\u0430\u043d\u043d\u044b\u0445 - 58 531-87-42<\/p>\n<p>3) \u0412\u0430\u0448\u0438 \u043f\u0435\u0440\u0441\u043e\u043d\u0430\u043b\u044c\u043d\u044b\u0435 \u0434\u0430\u043d\u043d\u044b\u0435 \u0431\u0443\u0434\u0443\u0442 \u043e\u0431\u0440\u0430\u0431\u0430\u0442\u044b\u0432\u0430\u0442\u044c\u0441\u044f \u0434\u043b\u044f:<br>(a) \u0437\u0430\u043a\u043b\u044e\u0447\u0435\u043d\u0438\u0435 \u0438 \u0438\u0441\u043f\u043e\u043b\u043d\u0435\u043d\u0438\u0435 \u0434\u043e\u0433\u043e\u0432\u043e\u0440\u0430 \u0438 \u043e\u043a\u0430\u0437\u0430\u043d\u0438\u0435 \u0443\u0441\u043b\u0443\u0433 \u0432 \u0441\u043e\u043e\u0442\u0432\u0435\u0442\u0441\u0442\u0432\u0438\u0438 \u0441 \u0437\u0430\u043a\u043b\u044e\u0447\u0435\u043d\u043d\u044b\u043c \u0434\u043e\u0433\u043e\u0432\u043e\u0440\u043e\u043c, \u043e\u0441\u043d\u043e\u0432\u0430\u043d\u0438\u0435 \u0434\u043b\u044f \u043e\u0431\u0440\u0430\u0431\u043e\u0442\u043a\u0438: \u0441\u0442\u0430\u0442\u044c\u044f 6(1)(b) RODO,<br>b) \u0434\u043b\u044f \u0432\u044b\u043f\u043e\u043b\u043d\u0435\u043d\u0438\u044f \u044e\u0440\u0438\u0434\u0438\u0447\u0435\u0441\u043a\u0438\u0445 \u043e\u0431\u044f\u0437\u0430\u0442\u0435\u043b\u044c\u0441\u0442\u0432, \u0432\u043e\u0437\u043b\u043e\u0436\u0435\u043d\u043d\u044b\u0445 \u043d\u0430 \u041a\u043e\u043d\u0442\u0440\u043e\u043b\u0435\u0440\u0430 \u0434\u0430\u043d\u043d\u044b\u0445 (\u043d\u0430\u043f\u0440\u0438\u043c\u0435\u0440, \u0432\u044b\u0441\u0442\u0430\u0432\u043b\u0435\u043d\u0438\u0435 \u0438 \u0445\u0440\u0430\u043d\u0435\u043d\u0438\u0435 \u0441\u0447\u0435\u0442\u043e\u0432 \u0438 \u0434\u0440\u0443\u0433\u0438\u0445 \u0431\u0443\u0445\u0433\u0430\u043b\u0442\u0435\u0440\u0441\u043a\u0438\u0445 \u0434\u043e\u043a\u0443\u043c\u0435\u043d\u0442\u043e\u0432, \u043f\u0440\u0435\u0434\u043e\u0441\u0442\u0430\u0432\u043b\u0435\u043d\u0438\u0435 \u0434\u0430\u043d\u043d\u044b\u0445 \u0442\u0430\u043a \u043d\u0430\u0437\u044b\u0432\u0430\u0435\u043c\u044b\u043c \u0443\u043f\u043e\u043b\u043d\u043e\u043c\u043e\u0447\u0435\u043d\u043d\u044b\u043c \u043b\u0438\u0446\u0430\u043c, \u0441\u0443\u0434\u0443 \u0438 \u043f\u0440\u043e\u043a\u0443\u0440\u043e\u0440\u0443), \u043e\u0441\u043d\u043e\u0432\u0430\u043d\u0438\u0435 \u0434\u043b\u044f \u043e\u0431\u0440\u0430\u0431\u043e\u0442\u043a\u0438: \u0421\u0442\u0430\u0442\u044c\u044f 6(1)(c) RODO,<br>(c) \u0434\u043b\u044f \u043f\u0440\u0435\u0434\u044a\u044f\u0432\u043b\u0435\u043d\u0438\u044f \u0432\u043e\u0437\u043c\u043e\u0436\u043d\u044b\u0445 \u043f\u0440\u0435\u0442\u0435\u043d\u0437\u0438\u0439 \u0432 \u0441\u0432\u044f\u0437\u0438 \u0441 \u043d\u0435\u0438\u0441\u043f\u043e\u043b\u043d\u0435\u043d\u0438\u0435\u043c \u0438\u043b\u0438 \u043d\u0435\u043d\u0430\u0434\u043b\u0435\u0436\u0430\u0449\u0438\u043c \u0438\u0441\u043f\u043e\u043b\u043d\u0435\u043d\u0438\u0435\u043c \u0437\u0430\u043a\u043b\u044e\u0447\u0435\u043d\u043d\u043e\u0433\u043e \u0434\u043e\u0433\u043e\u0432\u043e\u0440\u0430, \u043e\u0441\u043d\u043e\u0432\u0430\u043d\u0438\u0435 \u0434\u043b\u044f \u043e\u0431\u0440\u0430\u0431\u043e\u0442\u043a\u0438: \u0441\u0442\u0430\u0442\u044c\u044f 6(1)(f) RODO,<br>(d) \u043c\u0430\u0440\u043a\u0435\u0442\u0438\u043d\u0433 \u0443\u0441\u043b\u0443\u0433, \u043f\u0440\u0435\u0434\u043e\u0441\u0442\u0430\u0432\u043b\u044f\u0435\u043c\u044b\u0445 \u041a\u043e\u043d\u0442\u0440\u043e\u043b\u0435\u0440\u043e\u043c \u0434\u0430\u043d\u043d\u044b\u0445, \u043e\u0441\u043d\u043e\u0432\u0430\u043d\u0438\u0435 \u0434\u043b\u044f \u043e\u0431\u0440\u0430\u0431\u043e\u0442\u043a\u0438: \u0441\u0442\u0430\u0442\u044c\u044f 6(1)(f) DPA.<\/p>\n<p>4) \u0412\u0430\u0448\u0438 \u043b\u0438\u0447\u043d\u044b\u0435 \u0434\u0430\u043d\u043d\u044b\u0435 \u043f\u0440\u0435\u0434\u043e\u0441\u0442\u0430\u0432\u043b\u044f\u044e\u0442\u0441\u044f \u043d\u0430\u043c \u043d\u0435\u043f\u043e\u0441\u0440\u0435\u0434\u0441\u0442\u0432\u0435\u043d\u043d\u043e \u0441\u0443\u0431\u044a\u0435\u043a\u0442\u0430\u043c\u0438 \u0434\u0430\u043d\u043d\u044b\u0445 \u0438\u043b\u0438 \u0438\u0437 \u043e\u0431\u0449\u0435\u0434\u043e\u0441\u0442\u0443\u043f\u043d\u044b\u0445 \u0438\u0441\u0442\u043e\u0447\u043d\u0438\u043a\u043e\u0432.<\/p>\n<p>5) \u0412\u0430\u0448\u0438 \u043f\u0435\u0440\u0441\u043e\u043d\u0430\u043b\u044c\u043d\u044b\u0435 \u0434\u0430\u043d\u043d\u044b\u0435 \u0431\u0443\u0434\u0443\u0442 \u0445\u0440\u0430\u043d\u0438\u0442\u044c\u0441\u044f: \u0432 \u0442\u0435\u0447\u0435\u043d\u0438\u0435 \u0441\u0440\u043e\u043a\u0430 \u0434\u0435\u0439\u0441\u0442\u0432\u0438\u044f \u0434\u043e\u0433\u043e\u0432\u043e\u0440\u0430 \u0438 \u043f\u043e\u0441\u043b\u0435 \u0435\u0433\u043e \u043e\u043a\u043e\u043d\u0447\u0430\u043d\u0438\u044f \u0441 \u0446\u0435\u043b\u044c\u044e \u043f\u043e\u043b\u043d\u043e\u0433\u043e \u0443\u0440\u0435\u0433\u0443\u043b\u0438\u0440\u043e\u0432\u0430\u043d\u0438\u044f \u043e\u0431\u044f\u0437\u0430\u0442\u0435\u043b\u044c\u0441\u0442\u0432 \u0441\u0442\u043e\u0440\u043e\u043d \u043f\u043e \u0443\u0441\u043b\u043e\u0432\u0438\u044f\u043c \u0434\u043e\u0433\u043e\u0432\u043e\u0440\u0430, \u0432 \u0442\u043e\u043c \u0447\u0438\u0441\u043b\u0435 \u0434\u043e \u0438\u0441\u0442\u0435\u0447\u0435\u043d\u0438\u044f \u0441\u0440\u043e\u043a\u0430 \u0438\u0441\u043a\u043e\u0432\u043e\u0439 \u0434\u0430\u0432\u043d\u043e\u0441\u0442\u0438 \u043f\u043e \u0442\u0440\u0435\u0431\u043e\u0432\u0430\u043d\u0438\u044f\u043c \u043f\u043e \u0434\u043e\u0433\u043e\u0432\u043e\u0440\u0443 (3 \u0433\u043e\u0434\u0430 \u0441 \u043c\u043e\u043c\u0435\u043d\u0442\u0430 \u043f\u0440\u0435\u043a\u0440\u0430\u0449\u0435\u043d\u0438\u044f \u0434\u0435\u0439\u0441\u0442\u0432\u0438\u044f \u0434\u043e\u0433\u043e\u0432\u043e\u0440\u0430), \u0430 \u0432 \u043e\u0442\u043d\u043e\u0448\u0435\u043d\u0438\u0438 \u0440\u0430\u0441\u0447\u0435\u0442\u043e\u0432 \u0441 \u043d\u0430\u043b\u043e\u0433\u043e\u0432\u044b\u043c\u0438 \u043e\u0440\u0433\u0430\u043d\u0430\u043c\u0438 - \u0432 \u0442\u0435\u0447\u0435\u043d\u0438\u0435 \u0441\u0440\u043e\u043a\u0430 \u0438\u0441\u043a\u043e\u0432\u043e\u0439 \u0434\u0430\u0432\u043d\u043e\u0441\u0442\u0438 \u043f\u043e \u043d\u0430\u043b\u043e\u0433\u043e\u0432\u044b\u043c \u043e\u0431\u044f\u0437\u0430\u0442\u0435\u043b\u044c\u0441\u0442\u0432\u0430\u043c, \u0442\u043e \u0435\u0441\u0442\u044c 5 \u043b\u0435\u0442 \u0441 \u043c\u043e\u043c\u0435\u043d\u0442\u0430 \u043e\u043a\u043e\u043d\u0447\u0430\u043d\u0438\u044f \u043d\u0430\u043b\u043e\u0433\u043e\u0432\u043e\u0433\u043e \u0433\u043e\u0434\u0430, \u0432 \u043a\u043e\u0442\u043e\u0440\u043e\u043c \u0432\u043e\u0437\u043d\u0438\u043a\u043b\u0430 \u043d\u0435\u043e\u0431\u0445\u043e\u0434\u0438\u043c\u043e\u0441\u0442\u044c \u0443\u043f\u043b\u0430\u0442\u044b \u043d\u0430\u043b\u043e\u0433\u0430 \u0437\u0430 \u043e\u043a\u0430\u0437\u0430\u043d\u043d\u044b\u0435 \u0432\u0430\u043c \u0443\u0441\u043b\u0443\u0433\u0438; \u0435\u0441\u043b\u0438 \u043e\u0431\u0440\u0430\u0431\u043e\u0442\u043a\u0430 \u0434\u0430\u043d\u043d\u044b\u0445 \u043e\u0441\u0443\u0449\u0435\u0441\u0442\u0432\u043b\u044f\u0435\u0442\u0441\u044f \u043d\u0430 \u043e\u0441\u043d\u043e\u0432\u0430\u043d\u0438\u0438 \u0432\u0430\u0448\u0435\u0433\u043e \u0441\u043e\u0433\u043b\u0430\u0441\u0438\u044f, \u0442\u043e \u043f\u0435\u0440\u0441\u043e\u043d\u0430\u043b\u044c\u043d\u044b\u0435 \u0434\u0430\u043d\u043d\u044b\u0435 \u0431\u0443\u0434\u0443\u0442 \u043e\u0431\u0440\u0430\u0431\u0430\u0442\u044b\u0432\u0430\u0442\u044c\u0441\u044f \u0434\u043e \u043c\u043e\u043c\u0435\u043d\u0442\u0430 \u043e\u0442\u0437\u044b\u0432\u0430 \u0441\u0443\u0431\u044a\u0435\u043a\u0442\u043e\u043c \u0434\u0430\u043d\u043d\u044b\u0445 \u0442\u0430\u043a\u043e\u0433\u043e \u0441\u043e\u0433\u043b\u0430\u0441\u0438\u044f.<\/p>\n<p>6) \u041f\u0440\u0435\u0434\u043e\u0441\u0442\u0430\u0432\u043b\u0435\u043d\u0438\u0435 \u0432\u0430\u0448\u0438\u0445 \u043f\u0435\u0440\u0441\u043e\u043d\u0430\u043b\u044c\u043d\u044b\u0445 \u0434\u0430\u043d\u043d\u044b\u0445, \u0432 \u043f\u0440\u0438\u043d\u0446\u0438\u043f\u0435, \u044f\u0432\u043b\u044f\u0435\u0442\u0441\u044f \u0434\u043e\u0431\u0440\u043e\u0432\u043e\u043b\u044c\u043d\u044b\u043c, \u043d\u043e \u043c\u043e\u0436\u0435\u0442 \u0431\u044b\u0442\u044c \u0443\u0441\u043b\u043e\u0432\u0438\u0435\u043c \u0434\u043b\u044f \u0437\u0430\u043a\u043b\u044e\u0447\u0435\u043d\u0438\u044f \u0434\u043e\u0433\u043e\u0432\u043e\u0440\u0430,<\/p>\n<p>7) \u0412\u044b \u0438\u043c\u0435\u0435\u0442\u0435 \u043f\u0440\u0430\u0432\u043e \u0437\u0430\u043f\u0440\u043e\u0441\u0438\u0442\u044c \u0443 \u043a\u043e\u043d\u0442\u0440\u043e\u043b\u043b\u0435\u0440\u0430 \u0434\u043e\u0441\u0442\u0443\u043f \u043a \u0441\u0432\u043e\u0438\u043c \u043f\u0435\u0440\u0441\u043e\u043d\u0430\u043b\u044c\u043d\u044b\u043c \u0434\u0430\u043d\u043d\u044b\u043c, \u0438\u0441\u043f\u0440\u0430\u0432\u043b\u0435\u043d\u0438\u0435, \u0443\u0434\u0430\u043b\u0435\u043d\u0438\u0435 \u0438\u043b\u0438 \u043e\u0433\u0440\u0430\u043d\u0438\u0447\u0435\u043d\u0438\u0435 \u043e\u0431\u0440\u0430\u0431\u043e\u0442\u043a\u0438, \u043f\u0440\u0430\u0432\u043e \u0432\u043e\u0437\u0440\u0430\u0436\u0430\u0442\u044c \u043f\u0440\u043e\u0442\u0438\u0432 \u043e\u0431\u0440\u0430\u0431\u043e\u0442\u043a\u0438,<\/p>\n<p>8) \u041f\u043e\u043b\u0443\u0447\u0430\u0442\u0435\u043b\u044f\u043c\u0438 \u0432\u0430\u0448\u0438\u0445 \u043f\u0435\u0440\u0441\u043e\u043d\u0430\u043b\u044c\u043d\u044b\u0445 \u0434\u0430\u043d\u043d\u044b\u0445 \u0431\u0443\u0434\u0443\u0442 \u0442\u043e\u043b\u044c\u043a\u043e \u0442\u0435 \u043b\u0438\u0446\u0430, \u043a\u043e\u0442\u043e\u0440\u044b\u0435 \u0438\u043c\u0435\u044e\u0442 \u043f\u0440\u0430\u0432\u043e \u043d\u0430 \u043f\u043e\u043b\u0443\u0447\u0435\u043d\u0438\u0435 \u043f\u0435\u0440\u0441\u043e\u043d\u0430\u043b\u044c\u043d\u044b\u0445 \u0434\u0430\u043d\u043d\u044b\u0445 \u0432 \u0441\u043e\u043e\u0442\u0432\u0435\u0442\u0441\u0442\u0432\u0438\u0438 \u0441 \u0437\u0430\u043a\u043e\u043d\u043e\u0434\u0430\u0442\u0435\u043b\u044c\u0441\u0442\u0432\u043e\u043c,<\/p>\n<p>9) \u0412\u0430\u0448\u0438 \u043f\u0435\u0440\u0441\u043e\u043d\u0430\u043b\u044c\u043d\u044b\u0435 \u0434\u0430\u043d\u043d\u044b\u0435 \u043d\u0435 \u0431\u0443\u0434\u0443\u0442 \u043e\u0431\u0440\u0430\u0431\u0430\u0442\u044b\u0432\u0430\u0442\u044c\u0441\u044f \u0430\u0432\u0442\u043e\u043c\u0430\u0442\u0438\u0437\u0438\u0440\u043e\u0432\u0430\u043d\u043d\u044b\u043c\u0438 \u0441\u0440\u0435\u0434\u0441\u0442\u0432\u0430\u043c\u0438 \u0438 \u043d\u0435 \u0431\u0443\u0434\u0443\u0442 \u043f\u0440\u043e\u0444\u0438\u043b\u0438\u0440\u043e\u0432\u0430\u043d\u044b.<\/p>\n<p>10) \u041a\u043e\u043d\u0442\u0440\u043e\u043b\u043b\u0435\u0440 \u043d\u0435 \u043d\u0430\u043c\u0435\u0440\u0435\u043d \u043f\u0435\u0440\u0435\u0434\u0430\u0432\u0430\u0442\u044c \u0432\u0430\u0448\u0438 \u0434\u0430\u043d\u043d\u044b\u0435 \u0437\u0430 \u043f\u0440\u0435\u0434\u0435\u043b\u044b \u0415\u0432\u0440\u043e\u043f\u0435\u0439\u0441\u043a\u043e\u0439 \u044d\u043a\u043e\u043d\u043e\u043c\u0438\u0447\u0435\u0441\u043a\u043e\u0439 \u0437\u043e\u043d\u044b<\/p>\n<p>11) \u0412\u044b \u0438\u043c\u0435\u0435\u0442\u0435 \u043f\u0440\u0430\u0432\u043e \u043f\u043e\u0434\u0430\u0442\u044c \u0436\u0430\u043b\u043e\u0431\u0443 \u0432 \u043d\u0430\u0434\u0437\u043e\u0440\u043d\u044b\u0439 \u043e\u0440\u0433\u0430\u043d DPA, \u0435\u0441\u043b\u0438 \u0441\u0447\u0438\u0442\u0430\u0435\u0442\u0435, \u0447\u0442\u043e \u043e\u0431\u0440\u0430\u0431\u043e\u0442\u043a\u0430 \u043f\u0435\u0440\u0441\u043e\u043d\u0430\u043b\u044c\u043d\u044b\u0445 \u0434\u0430\u043d\u043d\u044b\u0445, \u043a\u0430\u0441\u0430\u044e\u0449\u0438\u0445\u0441\u044f \u0432\u0430\u0441, \u043d\u0430\u0440\u0443\u0448\u0430\u0435\u0442 \u043f\u043e\u043b\u043e\u0436\u0435\u043d\u0438\u044f DPA.<\/p>\t\t\t\t\t\t\t\t<\/div>\n\t\t\t\t<\/div>\n\t\t\t\t\t<\/div>\n\t\t<\/div>\n\t\t\t\t\t<\/div>\n\t\t<\/section>\n\t\t\t\t<\/div>","protected":false},"excerpt":{"rendered":"<p>Polityka prywatno\u015bci RODO nakazuje, aby podmiot decyduj\u0105cy o tym, w jaki spos\u00f3b i w jakim celu przetwarzane s\u0105 dane osobowe, czyli tzw. administrator danych, przekaza\u0142 Pa\u0144stwu informacje niezb\u0119dne do zapewnienia rzetelno\u015bci i przejrzysto\u015bci przetwarzania danych osobowych. Klauzula informacyjna o przetwarzaniu danych Na podstawie art.13 ust 1 i ust 2 rozporz\u0105dzenia parlamentu Europejskiego i Rady (UE) [&hellip;]<\/p>\n","protected":false},"author":1,"featured_media":0,"parent":0,"menu_order":0,"comment_status":"closed","ping_status":"closed","template":"elementor_header_footer","meta":{"footnotes":""},"class_list":["post-677","page","type-page","status-publish","hentry","entry"],"_links":{"self":[{"href":"https:\/\/transbud.biz\/ru\/wp-json\/wp\/v2\/pages\/677","targetHints":{"allow":["GET"]}}],"collection":[{"href":"https:\/\/transbud.biz\/ru\/wp-json\/wp\/v2\/pages"}],"about":[{"href":"https:\/\/transbud.biz\/ru\/wp-json\/wp\/v2\/types\/page"}],"author":[{"embeddable":true,"href":"https:\/\/transbud.biz\/ru\/wp-json\/wp\/v2\/users\/1"}],"replies":[{"embeddable":true,"href":"https:\/\/transbud.biz\/ru\/wp-json\/wp\/v2\/comments?post=677"}],"version-history":[{"count":0,"href":"https:\/\/transbud.biz\/ru\/wp-json\/wp\/v2\/pages\/677\/revisions"}],"wp:attachment":[{"href":"https:\/\/transbud.biz\/ru\/wp-json\/wp\/v2\/media?parent=677"}],"curies":[{"name":"wp","href":"https:\/\/api.w.org\/{rel}","templated":true}]}}