{"id":20,"date":"2020-02-17T13:07:52","date_gmt":"2020-02-17T12:07:52","guid":{"rendered":"https:\/\/transbud.biz\/?page_id=20"},"modified":"2020-03-30T11:48:00","modified_gmt":"2020-03-30T09:48:00","slug":"logistyka","status":"publish","type":"page","link":"https:\/\/transbud.biz\/ru\/logistyka\/","title":{"rendered":"\u041b\u043e\u0433\u0438\u0441\u0442\u0438\u043a\u0430"},"content":{"rendered":"<div data-elementor-type=\"wp-page\" data-elementor-id=\"20\" class=\"elementor elementor-20\" data-elementor-post-type=\"page\">\n\t\t\t\t\t\t<section class=\"elementor-section elementor-top-section elementor-element elementor-element-23894c5 elementor-section-height-min-height elementor-section-items-bottom elementor-section-boxed elementor-section-height-default\" data-id=\"23894c5\" data-element_type=\"section\" data-e-type=\"section\" data-settings=\"{&quot;background_background&quot;:&quot;classic&quot;,&quot;shape_divider_bottom&quot;:&quot;curve&quot;,&quot;shape_divider_bottom_negative&quot;:&quot;yes&quot;}\">\n\t\t\t\t\t\t\t<div class=\"elementor-background-overlay\"><\/div>\n\t\t\t\t\t\t<div class=\"elementor-shape elementor-shape-bottom\" aria-hidden=\"true\" data-negative=\"true\">\n\t\t\t<svg xmlns=\"http:\/\/www.w3.org\/2000\/svg\" viewbox=\"0 0 1000 100\" preserveaspectratio=\"none\">\n\t<path class=\"elementor-shape-fill\" d=\"M500,97C126.7,96.3,0.8,19.8,0,0v100l1000,0V1C1000,19.4,873.3,97.8,500,97z\"\/>\n<\/svg>\t\t<\/div>\n\t\t\t\t\t<div class=\"elementor-container elementor-column-gap-default\">\n\t\t\t\t\t<div class=\"elementor-column elementor-col-100 elementor-top-column elementor-element elementor-element-1d144be\" data-id=\"1d144be\" data-element_type=\"column\" data-e-type=\"column\">\n\t\t\t<div class=\"elementor-widget-wrap elementor-element-populated\">\n\t\t\t\t\t\t<div class=\"elementor-element elementor-element-bbe87b0 elementor-widget elementor-widget-heading\" data-id=\"bbe87b0\" data-element_type=\"widget\" data-e-type=\"widget\" data-widget_type=\"heading.default\">\n\t\t\t\t<div class=\"elementor-widget-container\">\n\t\t\t\t\t<h2 class=\"elementor-heading-title elementor-size-default\">\u041b\u043e\u0433\u0438\u0441\u0442\u0438\u043a\u0430<\/h2>\t\t\t\t<\/div>\n\t\t\t\t<\/div>\n\t\t\t\t\t<\/div>\n\t\t<\/div>\n\t\t\t\t\t<\/div>\n\t\t<\/section>\n\t\t\t\t<section class=\"elementor-section elementor-top-section elementor-element elementor-element-e06c22e elementor-section-boxed elementor-section-height-default elementor-section-height-default\" data-id=\"e06c22e\" data-element_type=\"section\" data-e-type=\"section\">\n\t\t\t\t\t\t<div class=\"elementor-container elementor-column-gap-default\">\n\t\t\t\t\t<div class=\"elementor-column elementor-col-100 elementor-top-column elementor-element elementor-element-f731d07\" data-id=\"f731d07\" data-element_type=\"column\" data-e-type=\"column\">\n\t\t\t<div class=\"elementor-widget-wrap elementor-element-populated\">\n\t\t\t\t\t\t<div class=\"elementor-element elementor-element-809a072 elementor-widget elementor-widget-text-editor\" data-id=\"809a072\" data-element_type=\"widget\" data-e-type=\"widget\" data-widget_type=\"text-editor.default\">\n\t\t\t\t<div class=\"elementor-widget-container\">\n\t\t\t\t\t\t\t\t\t<p>\u0422\u0440\u0430\u043d\u0441\u0431\u0443\u0434 \u043f\u0440\u0435\u0434\u043b\u0430\u0433\u0430\u0435\u0442 \u0432\u044b\u0441\u043e\u043a\u043e\u043a\u0430\u0447\u0435\u0441\u0442\u0432\u0435\u043d\u043d\u044b\u0439 \u0443\u0433\u043e\u043b\u044c \u043f\u043e \u043f\u0440\u0438\u0432\u043b\u0435\u043a\u0430\u0442\u0435\u043b\u044c\u043d\u044b\u043c \u0446\u0435\u043d\u0430\u043c. \u041c\u044b \u044f\u0432\u043b\u044f\u0435\u043c\u0441\u044f \u043f\u0440\u044f\u043c\u044b\u043c \u0438\u043c\u043f\u043e\u0440\u0442\u0435\u0440\u043e\u043c. \u041f\u043e\u043a\u0443\u043f\u0430\u044f \u0443 \u043d\u0430\u0441, \u0432\u044b \u043f\u043e\u043a\u0443\u043f\u0430\u0435\u0442\u0435 \u0431\u0435\u0437 \u043f\u043e\u0441\u0440\u0435\u0434\u043d\u0438\u043a\u043e\u0432! \u041d\u0430 \u043d\u0430\u0448\u0435\u043c \u0441\u043e\u0431\u0441\u0442\u0432\u0435\u043d\u043d\u043e\u043c \u043f\u0435\u0440\u0435\u0432\u0430\u043b\u043e\u0447\u043d\u043e\u043c \u0442\u0435\u0440\u043c\u0438\u043d\u0430\u043b\u0435, \u043a\u043e\u0442\u043e\u0440\u044b\u0439 \u043d\u0430\u0445\u043e\u0434\u0438\u0442\u0441\u044f \u0432 \u041f\u044c\u044e\u0440\u043a\u043e\u0432\u043e (\u0440\u0430\u0439\u043e\u043d \u0411\u0440\u0430\u043d\u0435\u0432\u043e), \u0438\u043c\u0435\u0435\u0442\u0441\u044f \u0441\u043e\u0431\u0441\u0442\u0432\u0435\u043d\u043d\u043e\u0435 \u043e\u0431\u043e\u0440\u0443\u0434\u043e\u0432\u0430\u043d\u0438\u0435 \u0434\u043b\u044f \u043f\u0435\u0440\u0435\u0432\u0430\u043b\u043a\u0438, \u043f\u043e\u0433\u0440\u0443\u0437\u043a\u0438, \u0441\u043e\u0440\u0442\u0438\u0440\u043e\u0432\u043a\u0438 \u0438 \u0434\u0440\u043e\u0431\u043b\u0435\u043d\u0438\u044f \u0443\u0433\u043b\u044f \u0432\u0441\u0435\u0445 \u043d\u0435\u043e\u0431\u0445\u043e\u0434\u0438\u043c\u044b\u0445 \u0444\u0440\u0430\u043a\u0446\u0438\u0439. \u0423 \u043d\u0430\u0441 \u0435\u0441\u0442\u044c \u0441\u043e\u0431\u0441\u0442\u0432\u0435\u043d\u043d\u044b\u0439 \u043f\u0430\u0440\u043a \u0438\u0437 \u0448\u0435\u0441\u0442\u0438\u0434\u0435\u0441\u044f\u0442\u0438 \u0433\u0440\u0443\u0437\u043e\u0432\u0438\u043a\u043e\u0432. \u041c\u044b \u043a\u043e\u043d\u0442\u0440\u043e\u043b\u0438\u0440\u0443\u0435\u043c \u043f\u0440\u043e\u0446\u0435\u0441\u0441 \u0434\u043e\u0441\u0442\u0430\u0432\u043a\u0438 \u0443\u0433\u043b\u044f \u043d\u0430\u0448\u0438\u043c \u043a\u043b\u0438\u0435\u043d\u0442\u0430\u043c \u043e\u0442 \u0432\u043e\u0440\u043e\u0442 \u0448\u0430\u0445\u0442\u044b \u0434\u043e \u0434\u0432\u0435\u0440\u0438 \u043a\u043b\u0438\u0435\u043d\u0442\u0430. \u041c\u044b \u0438\u0449\u0435\u043c \u043a\u043b\u0438\u0435\u043d\u0442\u043e\u0432 \u0434\u043b\u044f \u043f\u043e\u0441\u0442\u043e\u044f\u043d\u043d\u043e\u0433\u043e \u0441\u043e\u0442\u0440\u0443\u0434\u043d\u0438\u0447\u0435\u0441\u0442\u0432\u0430.<br \/>\u041c\u044b \u0433\u0430\u0440\u0430\u043d\u0442\u0438\u0440\u0443\u0435\u043c \u043d\u0435\u0438\u0437\u043c\u0435\u043d\u043d\u043e \u0432\u044b\u0441\u043e\u043a\u043e\u0435 \u043a\u0430\u0447\u0435\u0441\u0442\u0432\u043e \u0438 \u043f\u0440\u0438\u0432\u043b\u0435\u043a\u0430\u0442\u0435\u043b\u044c\u043d\u044b\u0435 \u0446\u0435\u043d\u044b.<br \/>\u041d\u0430\u0448\u0438 \u0441\u0438\u043b\u044c\u043d\u044b\u0435 \u0441\u0442\u043e\u0440\u043e\u043d\u044b:<br \/>- \u043f\u0440\u044f\u043c\u043e\u0439 \u0438\u043c\u043f\u043e\u0440\u0442\u0435\u0440 - \u0443 \u043d\u0430\u0441 \u0435\u0441\u0442\u044c \u0441\u043e\u0431\u0441\u0442\u0432\u0435\u043d\u043d\u044b\u0439 \u043f\u043e\u0433\u0440\u0430\u043d\u0438\u0447\u043d\u044b\u0439 \u0442\u0435\u0440\u043c\u0438\u043d\u0430\u043b \u0441 \u0441\u0438\u0441\u0442\u0435\u043c\u043e\u0439 \u043e\u0442\u0441\u043b\u0435\u0436\u0438\u0432\u0430\u043d\u0438\u044f (\u0434\u043e 100 000 \u0442\u043e\u043d\u043d \u0432 \u043c\u0435\u0441\u044f\u0446),<br \/>- \u0441\u043e\u0431\u0441\u0442\u0432\u0435\u043d\u043d\u044b\u0439 \u0430\u0432\u0442\u043e\u043f\u0430\u0440\u043a - 60 \u0430\u0432\u0442\u043e\u043c\u043e\u0431\u0438\u043b\u0435\u0439,<br \/>- \u0441\u0435\u0442\u044c \u0442\u0435\u0440\u043c\u0438\u043d\u0430\u043b\u043e\u0432 \u0432 \u0441\u0442\u0440\u0430\u043d\u0435.<\/p><p>\u0414\u043b\u044f \u043f\u043e\u043b\u0443\u0447\u0435\u043d\u0438\u044f \u0431\u043e\u043b\u0435\u0435 \u043f\u043e\u0434\u0440\u043e\u0431\u043d\u043e\u0439 \u0438\u043d\u0444\u043e\u0440\u043c\u0430\u0446\u0438\u0438, \u043f\u043e\u0436\u0430\u043b\u0443\u0439\u0441\u0442\u0430, \u0441\u0432\u044f\u0436\u0438\u0442\u0435\u0441\u044c \u0441 \u043d\u0430\u043c\u0438.<\/p>\t\t\t\t\t\t\t\t<\/div>\n\t\t\t\t<\/div>\n\t\t\t\t\t<\/div>\n\t\t<\/div>\n\t\t\t\t\t<\/div>\n\t\t<\/section>\n\t\t\t\t<\/div>","protected":false},"excerpt":{"rendered":"<p>Logistyka Firma Transbud oferuje wysokiej jako\u015bci w\u0119giel w atrakcyjnej cenie. Jeste\u015bmy bezpo\u015brednim importerem. Kupuj\u0105c u nas, kupujesz bez po\u015brednik\u00f3w! W naszym w\u0142asnym terminalu prze\u0142adunkowym, kt\u00f3ry znajduje si\u0119 w Pi\u00f3rkowie (pow. Braniewo), posiadamy w\u0142asny sprz\u0119t do prze\u0142adunku, za\u0142adunku, sortowania i kruszenia wszystkich potrzebnych frakcji w\u0119gla. Posiadamy w\u0142asn\u0105 flot\u0119 sze\u015b\u0107dziesi\u0119ciu samochod\u00f3w ci\u0119\u017carowych. Kontrolujemy proces dostarczania w\u0119gla do [&hellip;]<\/p>\n","protected":false},"author":1,"featured_media":0,"parent":0,"menu_order":0,"comment_status":"closed","ping_status":"closed","template":"elementor_header_footer","meta":{"footnotes":""},"class_list":["post-20","page","type-page","status-publish","hentry","entry"],"_links":{"self":[{"href":"https:\/\/transbud.biz\/ru\/wp-json\/wp\/v2\/pages\/20","targetHints":{"allow":["GET"]}}],"collection":[{"href":"https:\/\/transbud.biz\/ru\/wp-json\/wp\/v2\/pages"}],"about":[{"href":"https:\/\/transbud.biz\/ru\/wp-json\/wp\/v2\/types\/page"}],"author":[{"embeddable":true,"href":"https:\/\/transbud.biz\/ru\/wp-json\/wp\/v2\/users\/1"}],"replies":[{"embeddable":true,"href":"https:\/\/transbud.biz\/ru\/wp-json\/wp\/v2\/comments?post=20"}],"version-history":[{"count":0,"href":"https:\/\/transbud.biz\/ru\/wp-json\/wp\/v2\/pages\/20\/revisions"}],"wp:attachment":[{"href":"https:\/\/transbud.biz\/ru\/wp-json\/wp\/v2\/media?parent=20"}],"curies":[{"name":"wp","href":"https:\/\/api.w.org\/{rel}","templated":true}]}}